{"id":51304,"date":"2019-01-09T06:18:30","date_gmt":"2019-01-09T06:18:30","guid":{"rendered":"https:\/\/tbsite.dev.tbmaestro.net\/legal-notice\/"},"modified":"2023-06-21T21:04:48","modified_gmt":"2023-06-21T21:04:48","slug":"legal-notice","status":"publish","type":"page","link":"https:\/\/www.tbmaestro.ca\/en\/legal-notice\/","title":{"rendered":"Legal notice"},"content":{"rendered":"<p>[et_pb_section fb_built=&#8221;1&#8243; fullwidth=&#8221;on&#8221; _builder_version=&#8221;4.16&#8243; global_colors_info=&#8221;{}&#8221;][et_pb_fullwidth_header title=&#8221;@ET-DC@eyJkeW5hbWljIjp0cnVlLCJjb250ZW50IjoicG9zdF90aXRsZSIsInNldHRpbmdzIjp7ImJlZm9yZSI6IiIsImFmdGVyIjoiIn19@&#8221; text_orientation=&#8221;center&#8221; admin_label=&#8221;Fullwidth Header&#8221; _builder_version=&#8221;4.21.0&#8243; _dynamic_attributes=&#8221;title&#8221; title_text_align=&#8221;center&#8221; title_font_size=&#8221;60px&#8221; subhead_font_size=&#8221;26px&#8221; subhead_line_height=&#8221;1.4em&#8221; background_enable_color=&#8221;off&#8221; background_image=&#8221;https:\/\/www.tbmaestro.ca\/wp-content\/uploads\/2019\/07\/mentions-l\u00e9glaes-tbmaestro.jpg&#8221; min_height=&#8221;20vw&#8221; min_height_tablet=&#8221;50vw&#8221; min_height_phone=&#8221;70vw&#8221; min_height_last_edited=&#8221;on|desktop&#8221; custom_margin=&#8221;||||false|false&#8221; custom_padding=&#8221;||49px||false|false&#8221; custom_padding_tablet=&#8221;100px||||false|false&#8221; custom_padding_phone=&#8221;70px||70px||true|false&#8221; custom_padding_last_edited=&#8221;on|phone&#8221; title_font_size_tablet=&#8221;34px&#8221; title_font_size_phone=&#8221;&#8221; title_font_size_last_edited=&#8221;on|desktop&#8221; global_module=&#8221;32628&#8243; saved_tabs=&#8221;all&#8221; global_colors_info=&#8221;{}&#8221;][\/et_pb_fullwidth_header][\/et_pb_section][et_pb_section fb_built=&#8221;1&#8243; admin_label=&#8221;section&#8221; module_class=&#8221;paddingLeftRight&#8221; _builder_version=&#8221;4.16&#8243; background_color=&#8221;rgba(0,0,0,0)&#8221; custom_padding=&#8221;3vw||7vw||false|false&#8221; global_colors_info=&#8221;{}&#8221;][et_pb_row _builder_version=&#8221;4.21.0&#8243; _module_preset=&#8221;default&#8221;][et_pb_column _builder_version=&#8221;4.21.0&#8243; _module_preset=&#8221;default&#8221; type=&#8221;4_4&#8243;][et_pb_text _builder_version=&#8221;4.21.0&#8243; _module_preset=&#8221;default&#8221; hover_enabled=&#8221;0&#8243; sticky_enabled=&#8221;0&#8243;]<\/p>\n<p><span>Title and contact details of the person responsible for the protection of personal information :<\/span><\/p>\n<p><span><\/span><\/p>\n<p><span>Manager: Cyril Chateau<\/span><\/p>\n<p><span>Title: General Manager<\/span><\/p>\n<p><span>Telephone: <a href=\"tel:+15146631306\" title=\"phone\">514-663-1306<\/a><\/span><\/p>\n<p><span>E-mail<\/span> :<span><a href=\"mailto:contact@tbmaestro.ca\">contact@tbmaestro.ca<\/a><\/span><\/p>\n<p>[\/et_pb_text][\/et_pb_column][\/et_pb_row][et_pb_row _builder_version=&#8221;4.16&#8243; global_colors_info=&#8221;{}&#8221;][et_pb_column type=&#8221;4_4&#8243; _builder_version=&#8221;4.16&#8243; global_colors_info=&#8221;{}&#8221;][et_pb_text _builder_version=&#8221;4.16&#8243; global_colors_info=&#8221;{}&#8221;]<\/p>\n<p><span>\u00a9 picture: Freepik<\/span><\/p>\n<p>[\/et_pb_text][\/et_pb_column][\/et_pb_row][\/et_pb_section]<\/p>\n","protected":false},"excerpt":{"rendered":"<p>Title and contact details of the person responsible for the protection of personal information : Manager: Cyril Chateau Title: General Manager Telephone: 514-663-1306 E-mail :contact@tbmaestro.ca\u00a9 picture: Freepik<\/p>\n","protected":false},"author":1,"featured_media":0,"parent":0,"menu_order":0,"comment_status":"closed","ping_status":"closed","template":"","meta":{"_et_pb_use_builder":"on","_et_pb_old_content":"<!-- wp:paragraph -->\r\n<p>Les Mentions L\u00e9gales s\u2019appliquent \u00e0 tout internaute (particulier ou professionnel \u2013 nomm\u00e9 ci-apr\u00e8s \u00ab\u00a0L\u2019Utilisateur\u00a0\u00bb) utilisant le pr\u00e9sent site.<\/p>\r\n<!-- \/wp:paragraph -->\r\n\r\n<!-- wp:paragraph -->\r\n<p>En le consultant, vous vous engagez sans r\u00e9serve \u00e0 les respecter.<\/p>\r\n<!-- \/wp:paragraph -->\r\n\r\n<!-- wp:paragraph -->\r\n<p>Les Mentions L\u00e9gales pouvant \u00eatre modifi\u00e9es \u00e0 tout moment et sans pr\u00e9avis, nous vous engageons \u00e0 les consulter r\u00e9guli\u00e8rement.<\/p>\r\n<!-- \/wp:paragraph -->\r\n\r\n<!-- wp:paragraph -->\r\n<p>\u00c9diteur \/ Responsable du site :<br>D\u00e9nomination ou raison sociale : tbmaestro SA<br>Adresse Si\u00e8ge social : 10 rue du Regard, 75006, Paris, France<br>Num\u00e9ro SIREN :\u00a0533 773 511 RCS de Paris<br>Capital social : 152\u00a0000\u20ac<\/p>\r\n<!-- \/wp:paragraph -->\r\n\r\n<!-- wp:paragraph -->\r\n<p>Code APE : 7122Z<br>Num\u00e9ro de t\u00e9l\u00e9phone : +33 1 71 20 51 71<br>Adresse mail : contact@tbmaestro.com<\/p>\r\n<!-- \/wp:paragraph -->\r\n\r\n<!-- wp:paragraph -->\r\n<p>Directeur de publication :<br>Service Communication tbmaestro\u00a0<\/p>\r\n<!-- \/wp:paragraph -->\r\n\r\n<!-- wp:paragraph -->\r\n<p>H\u00e9bergement :<br>Soci\u00e9t\u00e9 OVH, soci\u00e9t\u00e9 anonyme simplifi\u00e9e, inscrite au RCS Lille M\u00e9tropole 424 761 419 00045, dont le si\u00e8ge social est\u00a0au 2 rue Kellermann - 59100 Roubaix France.<\/p>\r\n<!-- \/wp:paragraph -->\r\n\r\n<!-- wp:paragraph -->\r\n<p>Num\u00e9ro de t\u00e9l\u00e9phone : +33 9 72 10 10 07 ou 1 007<\/p>\r\n<!-- \/wp:paragraph -->\r\n\r\n<!-- wp:paragraph -->\r\n<p>Capital social : 10 069 020 \u20ac<\/p>\r\n<!-- \/wp:paragraph -->\r\n\r\n<!-- wp:paragraph -->\r\n<p>N\u00b0 TVA : FR 22 424 761 419<\/p>\r\n<!-- \/wp:paragraph -->\r\n\r\n<!-- wp:paragraph -->\r\n<p>PROPRIETE INTELLECTUELLE<br>Le site est exploit\u00e9 par l\u2019Editeur du site.<br>La pr\u00e9sentation et chacun des \u00e9l\u00e9ments, y compris les marques et logos apparaissant sur le site sont prot\u00e9g\u00e9s par les lois en vigueur sur la propri\u00e9t\u00e9 intellectuelle, et appartiennent \u00e0 l\u2019Editeur du site, ou font l\u2019objet d\u2019une autorisation d\u2019utilisation.<\/p>\r\n<!-- \/wp:paragraph -->\r\n\r\n<!-- wp:paragraph -->\r\n<p>Aucun \u00e9l\u00e9ment composant le site ne peut \u00eatre copi\u00e9, reproduit, modifi\u00e9, r\u00e9\u00e9dit\u00e9, charg\u00e9, d\u00e9natur\u00e9, transmis ou distribu\u00e9 de quelque mani\u00e8re que ce soit, sous quelque support que ce soit, de fa\u00e7on partielle ou int\u00e9grale, sans l\u2019autorisation \u00e9crite et pr\u00e9alable de l\u2019Editeur du site. Seule la copie \u00e0 usage priv\u00e9 est autoris\u00e9e pour votre usage personnel, priv\u00e9 et non-commercial, sur votre ordinateur personnel.<br>Toute utilisation autoris\u00e9e des \u00e9l\u00e9ments composant ou figurant le site doit se faire sans d\u00e9naturation, modification ou alt\u00e9ration de quelque mani\u00e8re que ce soit.<br>L\u2019Editeur du site se r\u00e9serve le droit de poursuivre tout acte de contrefa\u00e7on de ses droits de propri\u00e9t\u00e9 intellectuelle.<\/p>\r\n<!-- \/wp:paragraph -->\r\n\r\n<!-- wp:paragraph -->\r\n<p>tbmaestro<sup> TM<\/sup>\u00a0et tbmaestro<sup> mc<\/sup>\u00a0sont des marques prot\u00e9g\u00e9es \u00e0 l\u2019\u00e9chelle nationale et internationale. Sauf autorisation expresse et pr\u00e9alable, tout usage de cette marque ainsi que toutes autres marques, figuratives ou non, visualis\u00e9es appartenant \u00e0 l\u2019Editeur ou \u00e0 des tiers expose l\u2019Utilisateur \u00e0 des poursuites p\u00e9nales et civiles.<\/p>\r\n<!-- \/wp:paragraph -->\r\n\r\n<!-- wp:paragraph -->\r\n<p>LIENS VERS D\u2019AUTRES SITES<\/p>\r\n<!-- \/wp:paragraph -->\r\n\r\n<!-- wp:paragraph -->\r\n<p>Afin de faciliter l\u2019acc\u00e8s \u00e0 d\u2019autres sites susceptibles d\u2019apporter un compl\u00e9ment d\u2019information, tbmaestro a ins\u00e9r\u00e9 dans le site un certain nombre de liens. N\u00e9anmoins, la responsabilit\u00e9 de tbmaestro ne saurait \u00eatre engag\u00e9e au titre d\u2019un site tiers auquel vous auriez acc\u00e8s via un lien hypertexte sur le pr\u00e9sent site. L\u2019Editeur du site ne dispose d\u2019aucun moyen de contr\u00f4le du contenu de ces sites tiers. En tout \u00e9tat de cause, l\u2019Editeur du site n\u2019est pas responsable de l\u2019indisponibilit\u00e9 des sites, de leur contenu, publicit\u00e9 ou autres \u00e9l\u00e9ments disponibles sur des sites tiers. L\u2019Editeur du site ne saurait en aucun cas \u00eatre tenu responsable du contenu des sites reli\u00e9s au sien par des liens hypertextes. L\u2019utilisation de ces sites incombe pleinement \u00e0 leur auteur. Le contenu de ces sites a pu \u00eatre modifi\u00e9, sans que l\u2019Editeur du site n\u2019en ait eu connaissance. En outre, il vous incombe de prendre les pr\u00e9cautions n\u00e9cessaires pour \u00e9viter toute contamination notamment par un ou plusieurs virus.<\/p>\r\n<!-- \/wp:paragraph -->\r\n\r\n<!-- wp:paragraph -->\r\n<p>DONNEES PERSONNELLES<\/p>\r\n<!-- \/wp:paragraph -->\r\n\r\n<!-- wp:paragraph -->\r\n<p>Les donn\u00e9es personnelles que vous communiquez sur le site via les formulaires de collecte (Contact et Espace Emploi) sont n\u00e9cessaires au traitement de votre demande par l\u2019Editeur qui a la qualit\u00e9 de responsable de traitement. Ces donn\u00e9es sont \u00e9galement susceptibles d\u2019\u00eatre trait\u00e9es \u00e0 des fins statistiques et de prospection commerciale par l\u2019Editeur conform\u00e9ment aux exigences de la r\u00e9glementation applicable en mati\u00e8re de protection des donn\u00e9es \u00e0 caract\u00e8re personnel et notamment au R\u00e8glement G\u00e9n\u00e9ral sur la protection des donn\u00e9es du 27 avril 2016.<br>Les utilisateurs du site sont inform\u00e9s que les donn\u00e9es personnelles communiqu\u00e9es pourront \u00eatre transmises \u00e0 tbmaestro et \u00e0 ses sous-traitants dans le cadre de l\u2019administration du site, aux partenaires et sous-traitants de l\u2019Editeur ainsi qu\u2019aux autorit\u00e9s habilit\u00e9es dans le cadre de l\u2019exercice de leurs missions.<\/p>\r\n<!-- \/wp:paragraph -->\r\n\r\n<!-- wp:paragraph -->\r\n<p>Les donn\u00e9es personnelles des utilisateurs du site sont conserv\u00e9es pour la dur\u00e9e n\u00e9cessaire \u00e0 la poursuite des finalit\u00e9s ci-dessus list\u00e9es, conform\u00e9ment aux d\u00e9lais de prescription l\u00e9gale applicables. Elles sont stock\u00e9es sur un serveur totalement s\u00e9curis\u00e9 et d\u00e9di\u00e9 \u00e0 tbmaestro et ses Partenaires.<\/p>\r\n<!-- \/wp:paragraph -->\r\n\r\n<!-- wp:paragraph -->\r\n<p>L\u2019utilisateur est inform\u00e9 qu\u2019il dispose des droits suivants :<br>\r\n\u2013 droit d\u2019acc\u00e8s, de rectification et d\u2019effacement des donn\u00e9es dans les conditions pr\u00e9vues par la r\u00e8glementation ;<br>\r\n\u2013 du droit \u00e0 la limitation du traitement des donn\u00e9es dans les conditions pr\u00e9vues par la r\u00e8glementation ;<br>\r\n\u2013 du droit de retirer son consentement \u00e0 tout moment ;<br>\r\n\u2013 du droit \u00e0 la portabilit\u00e9 des donn\u00e9es ;<br>\r\n\u2013 du droit d\u2019introduire une r\u00e9clamation aupr\u00e8s d\u2019une autorit\u00e9 de contr\u00f4le.<br>\r\nLes demandes relatives aux droits list\u00e9s ci-dessus peuvent \u00eatre exerc\u00e9es \u00e0 l\u2019adresse suivante : tbmaestro \u2013 Service Donn\u00e9es personnelles \u201310, rue du regard 75015 Paris ou rgpd@tbmaestro.com.<\/p>\r\n<!-- \/wp:paragraph -->\r\n\r\n<!-- wp:paragraph -->\r\n<p>Pour pouvoir \u00eatre trait\u00e9e, toute demande relative aux droits ci-dessus doit :<br>\r\n\u2013 pr\u00e9ciser le droit concern\u00e9 ;<br>\r\n\u2013 \u00eatre accompagn\u00e9e d\u2019un justificatif d\u2019identit\u00e9 et\/ou de celle du mandataire d\u00e9sign\u00e9 en cas de repr\u00e9sentation.<\/p>\r\n<!-- \/wp:paragraph -->\r\n\r\n<!-- wp:paragraph -->\r\n<p>DISPONIBILITE DU SITE WEB<\/p>\r\n<!-- \/wp:paragraph -->\r\n\r\n<!-- wp:paragraph -->\r\n<p>L\u2019Editeur et\/ou ses fournisseurs pourra(ont), \u00e0 tout moment, modifier ou interrompre, temporairement ou de fa\u00e7on permanente, tout ou partie de l\u2019acc\u00e8s au site pour effectuer des op\u00e9rations de maintenance et\/ou effectuer des am\u00e9liorations et\/ou des modifications. L\u2019Editeur n\u2019est pas responsable de toute modification, suspension ou interruption de cet outil.<\/p>\r\n<!-- \/wp:paragraph -->","_et_gb_content_width":"","footnotes":""},"class_list":["post-51304","page","type-page","status-publish","hentry"],"yoast_head":"<!-- This site is optimized with the Yoast SEO plugin v23.6 - https:\/\/yoast.com\/wordpress\/plugins\/seo\/ -->\n<title>Legal notice - tbmaestro | Prenez les meilleures d\u00e9cisions pour vos b\u00e2timents et infrastructures<\/title>\n<meta name=\"description\" content=\"Internet Website Legal Notices of tbmaestro. Consult-them.\" \/>\n<meta name=\"robots\" content=\"index, follow, max-snippet:-1, max-image-preview:large, max-video-preview:-1\" \/>\n<link rel=\"canonical\" href=\"https:\/\/www.tbmaestro.ca\/en\/legal-notice\/\" \/>\n<meta property=\"og:locale\" content=\"en_US\" \/>\n<meta property=\"og:type\" content=\"article\" \/>\n<meta property=\"og:title\" content=\"Legal notice - tbmaestro | Prenez les meilleures d\u00e9cisions pour vos b\u00e2timents et infrastructures\" \/>\n<meta property=\"og:description\" content=\"Internet Website Legal Notices of tbmaestro. Consult-them.\" \/>\n<meta property=\"og:url\" content=\"https:\/\/www.tbmaestro.ca\/en\/legal-notice\/\" \/>\n<meta property=\"og:site_name\" content=\"tbmaestro | Prenez les meilleures d\u00e9cisions pour vos b\u00e2timents et infrastructures\" \/>\n<meta property=\"article:publisher\" content=\"https:\/\/www.facebook.com\/tbmaestroFRQC\/\" \/>\n<meta property=\"article:modified_time\" content=\"2023-06-21T21:04:48+00:00\" \/>\n<meta property=\"og:image\" content=\"https:\/\/www.tbmaestro.ca\/wp-content\/uploads\/2019\/12\/Logo-tbmaestro-512-512-px.png\" \/>\n\t<meta property=\"og:image:width\" content=\"512\" \/>\n\t<meta property=\"og:image:height\" content=\"512\" \/>\n\t<meta property=\"og:image:type\" content=\"image\/png\" \/>\n<meta name=\"twitter:card\" content=\"summary_large_image\" \/>\n<meta name=\"twitter:site\" content=\"@tbmaestro\" \/>\n<meta name=\"twitter:label1\" content=\"Est. reading time\" \/>\n\t<meta name=\"twitter:data1\" content=\"1 minute\" \/>\n<script type=\"application\/ld+json\" class=\"yoast-schema-graph\">{\"@context\":\"https:\/\/schema.org\",\"@graph\":[{\"@type\":\"WebPage\",\"@id\":\"https:\/\/www.tbmaestro.ca\/en\/legal-notice\/\",\"url\":\"https:\/\/www.tbmaestro.ca\/en\/legal-notice\/\",\"name\":\"Legal notice - tbmaestro | Prenez les meilleures d\u00e9cisions pour vos b\u00e2timents et infrastructures\",\"isPartOf\":{\"@id\":\"https:\/\/www.tbmaestro.ca\/en\/#website\"},\"datePublished\":\"2019-01-09T06:18:30+00:00\",\"dateModified\":\"2023-06-21T21:04:48+00:00\",\"description\":\"Internet Website Legal Notices of tbmaestro. Consult-them.\",\"breadcrumb\":{\"@id\":\"https:\/\/www.tbmaestro.ca\/en\/legal-notice\/#breadcrumb\"},\"inLanguage\":\"en-US\",\"potentialAction\":[{\"@type\":\"ReadAction\",\"target\":[\"https:\/\/www.tbmaestro.ca\/en\/legal-notice\/\"]}]},{\"@type\":\"BreadcrumbList\",\"@id\":\"https:\/\/www.tbmaestro.ca\/en\/legal-notice\/#breadcrumb\",\"itemListElement\":[{\"@type\":\"ListItem\",\"position\":1,\"name\":\"Home\",\"item\":\"https:\/\/www.tbmaestro.ca\/en\/\"},{\"@type\":\"ListItem\",\"position\":2,\"name\":\"Legal notice\"}]},{\"@type\":\"WebSite\",\"@id\":\"https:\/\/www.tbmaestro.ca\/en\/#website\",\"url\":\"https:\/\/www.tbmaestro.ca\/en\/\",\"name\":\"tbmaestro | Prenez les meilleures d\u00e9cisions pour vos b\u00e2timents et infrastructures\",\"description\":\"\",\"publisher\":{\"@id\":\"https:\/\/www.tbmaestro.ca\/en\/#organization\"},\"potentialAction\":[{\"@type\":\"SearchAction\",\"target\":{\"@type\":\"EntryPoint\",\"urlTemplate\":\"https:\/\/www.tbmaestro.ca\/en\/?s={search_term_string}\"},\"query-input\":{\"@type\":\"PropertyValueSpecification\",\"valueRequired\":true,\"valueName\":\"search_term_string\"}}],\"inLanguage\":\"en-US\"},{\"@type\":\"Organization\",\"@id\":\"https:\/\/www.tbmaestro.ca\/en\/#organization\",\"name\":\"tbmaestro\",\"url\":\"https:\/\/www.tbmaestro.ca\/en\/\",\"logo\":{\"@type\":\"ImageObject\",\"inLanguage\":\"en-US\",\"@id\":\"https:\/\/www.tbmaestro.ca\/en\/#\/schema\/logo\/image\/\",\"url\":\"https:\/\/www.tbmaestro.com\/wp-content\/uploads\/2019\/03\/logoHeader.png\",\"contentUrl\":\"https:\/\/www.tbmaestro.com\/wp-content\/uploads\/2019\/03\/logoHeader.png\",\"width\":290,\"height\":75,\"caption\":\"tbmaestro\"},\"image\":{\"@id\":\"https:\/\/www.tbmaestro.ca\/en\/#\/schema\/logo\/image\/\"},\"sameAs\":[\"https:\/\/www.facebook.com\/tbmaestroFRQC\/\",\"https:\/\/x.com\/tbmaestro\",\"https:\/\/www.linkedin.com\/company\/1232437\",\"https:\/\/www.youtube.com\/channel\/UCs0RquE6S9VhXDFvSaCdX9Q\"]}]}<\/script>\n<!-- \/ Yoast SEO plugin. -->","yoast_head_json":{"title":"Legal notice - tbmaestro | Prenez les meilleures d\u00e9cisions pour vos b\u00e2timents et infrastructures","description":"Internet Website Legal Notices of tbmaestro. Consult-them.","robots":{"index":"index","follow":"follow","max-snippet":"max-snippet:-1","max-image-preview":"max-image-preview:large","max-video-preview":"max-video-preview:-1"},"canonical":"https:\/\/www.tbmaestro.ca\/en\/legal-notice\/","og_locale":"en_US","og_type":"article","og_title":"Legal notice - tbmaestro | Prenez les meilleures d\u00e9cisions pour vos b\u00e2timents et infrastructures","og_description":"Internet Website Legal Notices of tbmaestro. Consult-them.","og_url":"https:\/\/www.tbmaestro.ca\/en\/legal-notice\/","og_site_name":"tbmaestro | Prenez les meilleures d\u00e9cisions pour vos b\u00e2timents et infrastructures","article_publisher":"https:\/\/www.facebook.com\/tbmaestroFRQC\/","article_modified_time":"2023-06-21T21:04:48+00:00","og_image":[{"width":512,"height":512,"url":"https:\/\/www.tbmaestro.ca\/wp-content\/uploads\/2019\/12\/Logo-tbmaestro-512-512-px.png","type":"image\/png"}],"twitter_card":"summary_large_image","twitter_site":"@tbmaestro","twitter_misc":{"Est. reading time":"1 minute"},"schema":{"@context":"https:\/\/schema.org","@graph":[{"@type":"WebPage","@id":"https:\/\/www.tbmaestro.ca\/en\/legal-notice\/","url":"https:\/\/www.tbmaestro.ca\/en\/legal-notice\/","name":"Legal notice - tbmaestro | Prenez les meilleures d\u00e9cisions pour vos b\u00e2timents et infrastructures","isPartOf":{"@id":"https:\/\/www.tbmaestro.ca\/en\/#website"},"datePublished":"2019-01-09T06:18:30+00:00","dateModified":"2023-06-21T21:04:48+00:00","description":"Internet Website Legal Notices of tbmaestro. Consult-them.","breadcrumb":{"@id":"https:\/\/www.tbmaestro.ca\/en\/legal-notice\/#breadcrumb"},"inLanguage":"en-US","potentialAction":[{"@type":"ReadAction","target":["https:\/\/www.tbmaestro.ca\/en\/legal-notice\/"]}]},{"@type":"BreadcrumbList","@id":"https:\/\/www.tbmaestro.ca\/en\/legal-notice\/#breadcrumb","itemListElement":[{"@type":"ListItem","position":1,"name":"Home","item":"https:\/\/www.tbmaestro.ca\/en\/"},{"@type":"ListItem","position":2,"name":"Legal notice"}]},{"@type":"WebSite","@id":"https:\/\/www.tbmaestro.ca\/en\/#website","url":"https:\/\/www.tbmaestro.ca\/en\/","name":"tbmaestro | Prenez les meilleures d\u00e9cisions pour vos b\u00e2timents et infrastructures","description":"","publisher":{"@id":"https:\/\/www.tbmaestro.ca\/en\/#organization"},"potentialAction":[{"@type":"SearchAction","target":{"@type":"EntryPoint","urlTemplate":"https:\/\/www.tbmaestro.ca\/en\/?s={search_term_string}"},"query-input":{"@type":"PropertyValueSpecification","valueRequired":true,"valueName":"search_term_string"}}],"inLanguage":"en-US"},{"@type":"Organization","@id":"https:\/\/www.tbmaestro.ca\/en\/#organization","name":"tbmaestro","url":"https:\/\/www.tbmaestro.ca\/en\/","logo":{"@type":"ImageObject","inLanguage":"en-US","@id":"https:\/\/www.tbmaestro.ca\/en\/#\/schema\/logo\/image\/","url":"https:\/\/www.tbmaestro.com\/wp-content\/uploads\/2019\/03\/logoHeader.png","contentUrl":"https:\/\/www.tbmaestro.com\/wp-content\/uploads\/2019\/03\/logoHeader.png","width":290,"height":75,"caption":"tbmaestro"},"image":{"@id":"https:\/\/www.tbmaestro.ca\/en\/#\/schema\/logo\/image\/"},"sameAs":["https:\/\/www.facebook.com\/tbmaestroFRQC\/","https:\/\/x.com\/tbmaestro","https:\/\/www.linkedin.com\/company\/1232437","https:\/\/www.youtube.com\/channel\/UCs0RquE6S9VhXDFvSaCdX9Q"]}]}},"_links":{"self":[{"href":"https:\/\/www.tbmaestro.ca\/en\/wp-json\/wp\/v2\/pages\/51304"}],"collection":[{"href":"https:\/\/www.tbmaestro.ca\/en\/wp-json\/wp\/v2\/pages"}],"about":[{"href":"https:\/\/www.tbmaestro.ca\/en\/wp-json\/wp\/v2\/types\/page"}],"author":[{"embeddable":true,"href":"https:\/\/www.tbmaestro.ca\/en\/wp-json\/wp\/v2\/users\/1"}],"replies":[{"embeddable":true,"href":"https:\/\/www.tbmaestro.ca\/en\/wp-json\/wp\/v2\/comments?post=51304"}],"version-history":[{"count":0,"href":"https:\/\/www.tbmaestro.ca\/en\/wp-json\/wp\/v2\/pages\/51304\/revisions"}],"wp:attachment":[{"href":"https:\/\/www.tbmaestro.ca\/en\/wp-json\/wp\/v2\/media?parent=51304"}],"curies":[{"name":"wp","href":"https:\/\/api.w.org\/{rel}","templated":true}]}}